{"id":2681,"date":"2024-09-10T12:36:33","date_gmt":"2024-09-10T10:36:33","guid":{"rendered":"https:\/\/vrparkbudapest.hu\/vouchers\/"},"modified":"2025-05-01T07:57:21","modified_gmt":"2025-05-01T05:57:21","slug":"vouchers","status":"publish","type":"page","link":"https:\/\/vrparkbudapest.hu\/en\/vouchers\/","title":{"rendered":"Vouchers"},"content":{"rendered":"\t\t<div data-elementor-type=\"wp-page\" data-elementor-id=\"2681\" class=\"elementor elementor-2681 elementor-2502\" data-elementor-post-type=\"page\">\n\t\t\t\t<div class=\"elementor-element elementor-element-163226b pad-tb-s e-flex e-con-boxed e-con e-parent\" data-id=\"163226b\" data-element_type=\"container\" data-settings=\"{&quot;jet_parallax_layout_list&quot;:[]}\">\n\t\t\t\t\t<div class=\"e-con-inner\">\n\t\t\t\t<div class=\"elementor-element elementor-element-026584c elementor-widget__width-inherit elementor-widget elementor-widget-heading\" data-id=\"026584c\" data-element_type=\"widget\" data-widget_type=\"heading.default\">\n\t\t\t\t<div class=\"elementor-widget-container\">\n\t\t\t\t\t<h1 class=\"elementor-heading-title elementor-size-default\">MULTI-PURPOSE GIFT VOUCHERS<\/h1>\t\t\t\t<\/div>\n\t\t\t\t<\/div>\n\t\t\t\t\t<\/div>\n\t\t\t\t<\/div>\n\t\t<div class=\"elementor-element elementor-element-9093d87 e-flex e-con-boxed e-con e-parent\" data-id=\"9093d87\" data-element_type=\"container\" data-settings=\"{&quot;jet_parallax_layout_list&quot;:[]}\">\n\t\t\t\t\t<div class=\"e-con-inner\">\n\t\t\t\t<div class=\"elementor-element elementor-element-3edd932 elementor-widget elementor-widget-text-editor\" data-id=\"3edd932\" data-element_type=\"widget\" data-widget_type=\"text-editor.default\">\n\t\t\t\t<div class=\"elementor-widget-container\">\n\t\t\t\t\t\t\t\t\t<p>Don&#8217;t know when the person you want to surprise will be coming to visit us? Not sure which ticket to buy? Buy a gift voucher so they can decide what and when they want to come. The voucher can be used for up to 6 months from the date of purchase, up to the amount of the voucher.   <\/p>\t\t\t\t\t\t\t\t<\/div>\n\t\t\t\t<\/div>\n\t\t\t\t<div class=\"elementor-element elementor-element-2dca91d elementor-hidden-desktop elementor-hidden-laptop elementor-hidden-tablet_extra elementor-hidden-tablet elementor-hidden-mobile_extra elementor-hidden-mobile elementor-widget elementor-widget-image\" data-id=\"2dca91d\" data-element_type=\"widget\" data-widget_type=\"image.default\">\n\t\t\t\t<div class=\"elementor-widget-container\">\n\t\t\t\t\t\t\t\t\t\t\t\t\t\t\t<img fetchpriority=\"high\" decoding=\"async\" width=\"800\" height=\"225\" src=\"https:\/\/vrparkbudapest.hu\/wp-content\/uploads\/2025\/04\/angol-banner-1024x288.png\" class=\"elementor-animation-bob attachment-large size-large wp-image-8305\" alt=\"Limit\u00e1lt idej\u0171 kedvezm\u00e9ny! 2025. \u00c1prilis 16-30 k\u00f6z\u00f6tt a 6 h\u00f3napig bev\u00e1lthat\u00f3 aj\u00e1nd\u00e9kutalv\u00e1nyainkra! Kiz\u00e1r\u00f3lag bankk\u00e1rty\u00e1s online v\u00e1s\u00e1rl\u00e1skor! Katt ide a v\u00e1s\u00e1rl\u00e1shoz!\" srcset=\"https:\/\/vrparkbudapest.hu\/wp-content\/uploads\/2025\/04\/angol-banner-1024x288.png 1024w, https:\/\/vrparkbudapest.hu\/wp-content\/uploads\/2025\/04\/angol-banner-300x84.png 300w, https:\/\/vrparkbudapest.hu\/wp-content\/uploads\/2025\/04\/angol-banner-768x216.png 768w, https:\/\/vrparkbudapest.hu\/wp-content\/uploads\/2025\/04\/angol-banner-600x169.png 600w, https:\/\/vrparkbudapest.hu\/wp-content\/uploads\/2025\/04\/angol-banner.png 1120w\" sizes=\"(max-width: 800px) 100vw, 800px\" \/>\t\t\t\t\t\t\t\t\t\t\t\t\t\t\t<\/div>\n\t\t\t\t<\/div>\n\t\t\t\t<div class=\"elementor-element elementor-element-b40d20c elementor-widget elementor-widget-heading\" data-id=\"b40d20c\" data-element_type=\"widget\" data-widget_type=\"heading.default\">\n\t\t\t\t<div class=\"elementor-widget-container\">\n\t\t\t\t\t<span class=\"elementor-heading-title elementor-size-default\">YOU HAVE 2 OPTIONS TO CHOOSE FROM:<\/span>\t\t\t\t<\/div>\n\t\t\t\t<\/div>\n\t\t\t\t\t<\/div>\n\t\t\t\t<\/div>\n\t\t<div class=\"elementor-element elementor-element-1614fef pad-t-s pad-b-l e-flex e-con-boxed e-con e-parent\" data-id=\"1614fef\" data-element_type=\"container\" data-settings=\"{&quot;jet_parallax_layout_list&quot;:[]}\">\n\t\t\t\t\t<div class=\"e-con-inner\">\n\t\t\t\t<div class=\"elementor-element elementor-element-b95db7d elementor-cta--layout-image-left elementor-cta--mobile-layout-image-above elementor-widget__width-initial elementor-widget-laptop__width-inherit elementor-cta--skin-classic elementor-animated-content elementor-widget elementor-widget-call-to-action\" data-id=\"b95db7d\" data-element_type=\"widget\" data-widget_type=\"call-to-action.default\">\n\t\t\t\t<div class=\"elementor-widget-container\">\n\t\t\t\t\t\t\t<a class=\"elementor-cta\" href=\"https:\/\/vrparkbudapest.hu\/termek\/ajandekutalvany\/\">\n\t\t\t\t\t<div class=\"elementor-cta__bg-wrapper\">\n\t\t\t\t<div class=\"elementor-cta__bg elementor-bg\" style=\"background-image: url(https:\/\/vrparkbudapest.hu\/wp-content\/uploads\/2024\/09\/ajandekutalvany-1200x1200px-copy-1-1024x1024.jpg);\" role=\"img\" aria-label=\"ajandekutalvany-1200x1200px-copy-1\"><\/div>\n\t\t\t\t<div class=\"elementor-cta__bg-overlay\"><\/div>\n\t\t\t<\/div>\n\t\t\t\t\t\t\t<div class=\"elementor-cta__content\">\n\t\t\t\t\n\t\t\t\t\t\t\t\t\t<h2 class=\"elementor-cta__title elementor-cta__content-item elementor-content-item\">\n\t\t\t\t\t\tPHYSICAL VOUCHER\t\t\t\t\t<\/h2>\n\t\t\t\t\n\t\t\t\t\t\t\t\t\t<div class=\"elementor-cta__description elementor-cta__content-item elementor-content-item\">\n\t\t\t\t\t\tIf you want a nice tangible voucher, then choose this option!\t\t\t\t\t<\/div>\n\t\t\t\t\n\t\t\t\t\t\t\t\t\t<div class=\"elementor-cta__button-wrapper elementor-cta__content-item elementor-content-item \">\n\t\t\t\t\t<span class=\"elementor-cta__button elementor-button elementor-size-\">\n\t\t\t\t\t\tMore info <br>\t\t\t\t\t<\/span>\n\t\t\t\t\t<\/div>\n\t\t\t\t\t\t\t<\/div>\n\t\t\t\t\t\t<\/a>\n\t\t\t\t\t\t<\/div>\n\t\t\t\t<\/div>\n\t\t\t\t<div class=\"elementor-element elementor-element-96b7056 elementor-cta--layout-image-left elementor-cta--mobile-layout-image-above elementor-widget__width-initial elementor-widget-laptop__width-inherit elementor-cta--skin-classic elementor-animated-content elementor-widget elementor-widget-call-to-action\" data-id=\"96b7056\" data-element_type=\"widget\" data-widget_type=\"call-to-action.default\">\n\t\t\t\t<div class=\"elementor-widget-container\">\n\t\t\t\t\t\t\t<a class=\"elementor-cta\" href=\"https:\/\/vrparkbudapest.hu\/en\/termek\/multi-purpose-gift-voucher-e-ticket\/\">\n\t\t\t\t\t<div class=\"elementor-cta__bg-wrapper\">\n\t\t\t\t<div class=\"elementor-cta__bg elementor-bg\" style=\"background-image: url(https:\/\/vrparkbudapest.hu\/wp-content\/uploads\/2024\/09\/ajandekutalvany-1200x1200px-copy-1-1024x1024.jpg);\" role=\"img\" aria-label=\"ajandekutalvany-1200x1200px-copy-1\"><\/div>\n\t\t\t\t<div class=\"elementor-cta__bg-overlay\"><\/div>\n\t\t\t<\/div>\n\t\t\t\t\t\t\t<div class=\"elementor-cta__content\">\n\t\t\t\t\n\t\t\t\t\t\t\t\t\t<h2 class=\"elementor-cta__title elementor-cta__content-item elementor-content-item\">\n\t\t\t\t\t\tE-VOUCHER <br>\t\t\t\t\t<\/h2>\n\t\t\t\t\n\t\t\t\t\t\t\t\t\t<div class=\"elementor-cta__description elementor-cta__content-item elementor-content-item\">\n\t\t\t\t\t\tIf you are running out of time you can also send the voucher by email!\t\t\t\t\t<\/div>\n\t\t\t\t\n\t\t\t\t\t\t\t\t\t<div class=\"elementor-cta__button-wrapper elementor-cta__content-item elementor-content-item \">\n\t\t\t\t\t<span class=\"elementor-cta__button elementor-button elementor-size-\">\n\t\t\t\t\t\tMore info <br>\t\t\t\t\t<\/span>\n\t\t\t\t\t<\/div>\n\t\t\t\t\t\t\t<\/div>\n\t\t\t\t\t\t<\/a>\n\t\t\t\t\t\t<\/div>\n\t\t\t\t<\/div>\n\t\t\t\t\t<\/div>\n\t\t\t\t<\/div>\n\t\t\t\t<\/div>\n\t\t","protected":false},"excerpt":{"rendered":"<p>MULTI-PURPOSE GIFT VOUCHERS Don&#8217;t know when the person you want to surprise will be coming to visit us? Not sure which ticket to buy? Buy a gift voucher so they can decide what and when they want to come. The voucher can be used for up to 6 months from the date of purchase, up [&hellip;]<\/p>\n","protected":false},"author":1,"featured_media":0,"parent":0,"menu_order":0,"comment_status":"closed","ping_status":"closed","template":"elementor_header_footer","meta":{"footnotes":""},"class_list":["post-2681","page","type-page","status-publish","hentry"],"_links":{"self":[{"href":"https:\/\/vrparkbudapest.hu\/en\/wp-json\/wp\/v2\/pages\/2681","targetHints":{"allow":["GET"]}}],"collection":[{"href":"https:\/\/vrparkbudapest.hu\/en\/wp-json\/wp\/v2\/pages"}],"about":[{"href":"https:\/\/vrparkbudapest.hu\/en\/wp-json\/wp\/v2\/types\/page"}],"author":[{"embeddable":true,"href":"https:\/\/vrparkbudapest.hu\/en\/wp-json\/wp\/v2\/users\/1"}],"replies":[{"embeddable":true,"href":"https:\/\/vrparkbudapest.hu\/en\/wp-json\/wp\/v2\/comments?post=2681"}],"version-history":[{"count":26,"href":"https:\/\/vrparkbudapest.hu\/en\/wp-json\/wp\/v2\/pages\/2681\/revisions"}],"predecessor-version":[{"id":8534,"href":"https:\/\/vrparkbudapest.hu\/en\/wp-json\/wp\/v2\/pages\/2681\/revisions\/8534"}],"wp:attachment":[{"href":"https:\/\/vrparkbudapest.hu\/en\/wp-json\/wp\/v2\/media?parent=2681"}],"curies":[{"name":"wp","href":"https:\/\/api.w.org\/{rel}","templated":true}]}}