{"id":2163,"date":"2024-08-12T09:58:58","date_gmt":"2024-08-12T07:58:58","guid":{"rendered":"https:\/\/vrparkbudapest.hu\/redeem-coupon\/"},"modified":"2025-01-30T18:16:26","modified_gmt":"2025-01-30T16:16:26","slug":"redeem-coupon","status":"publish","type":"page","link":"https:\/\/vrparkbudapest.hu\/en\/redeem-coupon\/","title":{"rendered":"Redeem coupon"},"content":{"rendered":"\t\t<div data-elementor-type=\"wp-page\" data-elementor-id=\"2163\" class=\"elementor elementor-2163 elementor-949\" data-elementor-post-type=\"page\">\n\t\t\t\t<div class=\"elementor-element elementor-element-7977ef7 pad-tb-s e-flex e-con-boxed e-con e-parent\" data-id=\"7977ef7\" data-element_type=\"container\" data-settings=\"{&quot;jet_parallax_layout_list&quot;:[]}\">\n\t\t\t\t\t<div class=\"e-con-inner\">\n\t\t\t\t<div class=\"elementor-element elementor-element-6b2e5ec elementor-widget__width-inherit elementor-widget elementor-widget-heading\" data-id=\"6b2e5ec\" data-element_type=\"widget\" data-widget_type=\"heading.default\">\n\t\t\t\t<div class=\"elementor-widget-container\">\n\t\t\t\t\t<h1 class=\"elementor-heading-title elementor-size-default\">Kuponbev\u00e1lt\u00e1s<\/h1>\t\t\t\t<\/div>\n\t\t\t\t<\/div>\n\t\t\t\t\t<\/div>\n\t\t\t\t<\/div>\n\t\t<div class=\"elementor-element elementor-element-64faf42 pad-b-m e-flex e-con-boxed e-con e-parent\" data-id=\"64faf42\" data-element_type=\"container\" data-settings=\"{&quot;jet_parallax_layout_list&quot;:[]}\">\n\t\t\t\t\t<div class=\"e-con-inner\">\n\t\t\t\t<div class=\"elementor-element elementor-element-0cadfdb elementor-widget elementor-widget-heading\" data-id=\"0cadfdb\" data-element_type=\"widget\" data-widget_type=\"heading.default\">\n\t\t\t\t<div class=\"elementor-widget-container\">\n\t\t\t\t\t<h2 class=\"elementor-heading-title elementor-size-default\">Itt tudod bev\u00e1ltani jegyt\u00edpusra vagy \u00e9rt\u00e9kre sz\u00f3l\u00f3 utalv\u00e1nyodat! \ud83c\udf9f\ufe0f\ud83c\udf89<\/h2>\t\t\t\t<\/div>\n\t\t\t\t<\/div>\n\t\t\t\t<div class=\"elementor-element elementor-element-5f86713 elementor-widget elementor-widget-text-editor\" data-id=\"5f86713\" data-element_type=\"widget\" data-widget_type=\"text-editor.default\">\n\t\t\t\t<div class=\"elementor-widget-container\">\n\t\t\t\t\t\t\t\t\t<p>Miel\u0151tt belev\u00e1gn\u00e1nk:<\/p>\n<p>\ud83d\udc49 <strong>Legyen k\u00e9zn\u00e9l az utalv\u00e1nyod, kuponod<\/strong>, mert kelleni fog a k\u00f3dja! \ud83e\uddfe\ud83d\udd11<\/p>\n<p>\ud83d\udccc <strong>Ha nem adott jegyt\u00edpusra sz\u00f3l<\/strong>, hanem \u00f6sszegre, akkor ismerd meg a VR-\u00e9lm\u00e9nyeinket: <a href=\"https:\/\/vrparkbudapest.hu\/elmenyek\/\" target=\"_new\" rel=\"noopener\">https:\/\/vrparkbudapest.hu\/elmenyek\/<\/a>, mert v\u00e1lasztanod kell a foglal\u00e1shoz!<\/p>\n<p>\ud83d\udd79\ufe0f <strong>V\u00e1laszd ki a k\u00edv\u00e1nt \u00e9lm\u00e9nycsomagot<\/strong>, a sz\u00e1modra szimpatikus, el\u00e9rhet\u0151 d\u00e1tumot \u00e9s id\u0151pontot!<\/p>\n<p>\u2705 <strong>Ezut\u00e1n jel\u00f6ld meg az ingyenes<\/strong> (<em>Jegyek \u00e9s aj\u00e1nd\u00e9kutalv\u00e1nyok bev\u00e1lt\u00e1sa<\/em>) <strong>jegykateg\u00f3ri\u00e1t<\/strong>, \u00e9s add meg a l\u00e9tsz\u00e1mot!<\/p>\n<p>\ud83d\udca1 <strong>Amennyiben k\u00fcl\u00f6nb\u00f6zet ad\u00f3dna<\/strong> (\u00e9rt\u00e9k alap\u00fa utalv\u00e1ny eset\u00e9n), azt a helysz\u00ednen fogod tudni rendezni \u00e9rkez\u00e9skor!<\/p>\n<p>\ud83d\udcdd <strong>Foglal\u00e1skor k\u00e9rj\u00fck add meg az utalv\u00e1ny sorsz\u00e1m\u00e1t!<\/strong><\/p>\n<p>\u2753 <strong>Ha elakadn\u00e1l<\/strong>, emailben keress minket az <a href=\"mailto: info@vrparkbudapest.hu\">info@vrparkbudapest.hu<\/a><strong> c\u00edmen, melyre 24 \u00f3r\u00e1n bel\u00fcl v\u00e1laszolunk! \ud83d\udce7\u23f3<\/strong><\/p>\n<p>\ud83c\udfae <strong>J\u00f3 sz\u00f3rakoz\u00e1st k\u00edv\u00e1n a VR Vid\u00e1mpark csapata!<\/strong> \ud83c\udf1f\u2728<\/p>\n\t\t\t\t\t\t\t\t<\/div>\n\t\t\t\t<\/div>\n\t\t\t\t\t<\/div>\n\t\t\t\t<\/div>\n\t\t<div class=\"elementor-element elementor-element-b80270a e-flex e-con-boxed e-con e-parent\" data-id=\"b80270a\" data-element_type=\"container\" data-settings=\"{&quot;jet_parallax_layout_list&quot;:[]}\">\n\t\t\t\t\t<div class=\"e-con-inner\">\n\t\t\t\t<div class=\"elementor-element elementor-element-7d32a84 elementor-widget elementor-widget-html\" data-id=\"7d32a84\" data-element_type=\"widget\" data-widget_type=\"html.default\">\n\t\t\t\t<div class=\"elementor-widget-container\">\n\t\t\t\t\t<iframe src=\"https:\/\/cooltix.hu\/b\/vr-vidampark\" width=\"100%\" height=2000 frameborder=\"0\"><\/iframe>\t\t\t\t<\/div>\n\t\t\t\t<\/div>\n\t\t\t\t\t<\/div>\n\t\t\t\t<\/div>\n\t\t<div class=\"elementor-element elementor-element-dfe2a0d pad-b-l elementor-hidden-desktop elementor-hidden-laptop elementor-hidden-tablet_extra elementor-hidden-tablet elementor-hidden-mobile_extra elementor-hidden-mobile e-flex e-con-boxed e-con e-parent\" data-id=\"dfe2a0d\" data-element_type=\"container\" data-settings=\"{&quot;jet_parallax_layout_list&quot;:[]}\">\n\t\t\t\t\t<div class=\"e-con-inner\">\n\t\t<div class=\"elementor-element elementor-element-aa91685 e-con-full e-flex e-con e-child\" data-id=\"aa91685\" data-element_type=\"container\" data-settings=\"{&quot;background_background&quot;:&quot;classic&quot;,&quot;jet_parallax_layout_list&quot;:[]}\">\n\t\t\t\t<div class=\"elementor-element elementor-element-61c4e6c elementor-widget__width-inherit elementor-widget elementor-widget-heading\" data-id=\"61c4e6c\" data-element_type=\"widget\" data-widget_type=\"heading.default\">\n\t\t\t\t<div class=\"elementor-widget-container\">\n\t\t\t\t\t<span class=\"elementor-heading-title elementor-size-default\">Thank you for choosing us to redeem your voucher or coupon!<\/span>\t\t\t\t<\/div>\n\t\t\t\t<\/div>\n\t\t\t\t<div class=\"elementor-element elementor-element-948bc07 elementor-widget-laptop__width-inherit elementor-widget elementor-widget-text-editor\" data-id=\"948bc07\" data-element_type=\"widget\" data-widget_type=\"text-editor.default\">\n\t\t\t\t<div class=\"elementor-widget-container\">\n\t\t\t\t\t\t\t\t\t<p>Before we get started:<\/p>\n<p>Keep your voucher or coupon handy, because you will need your code!<\/p>\n<p>If it&#8217;s not for a specific ticket type but for an amount, you need to know our ticket types (see Buy Tickets menu), because you need to choose to make a reservation!<\/p>\n<p>Find out when would be the best time for you, because you need to book a specific date!<\/p>\n\t\t\t\t\t\t\t\t<\/div>\n\t\t\t\t<\/div>\n\t\t\t\t<div class=\"elementor-element elementor-element-4e8591a elementor-widget__width-inherit elementor-widget elementor-widget-n-accordion\" data-id=\"4e8591a\" data-element_type=\"widget\" data-settings=\"{&quot;default_state&quot;:&quot;all_collapsed&quot;,&quot;max_items_expended&quot;:&quot;one&quot;,&quot;n_accordion_animation_duration&quot;:{&quot;unit&quot;:&quot;ms&quot;,&quot;size&quot;:400,&quot;sizes&quot;:[]}}\" data-widget_type=\"nested-accordion.default\">\n\t\t\t\t<div class=\"elementor-widget-container\">\n\t\t\t\t\t\t\t<div class=\"e-n-accordion\" aria-label=\"Accordion. Open links with Enter or Space, close with Escape, and navigate with Arrow Keys\">\n\t\t\t\t\t\t<details id=\"e-n-accordion-item-8230\" class=\"e-n-accordion-item\" >\n\t\t\t\t<summary class=\"e-n-accordion-item-title\" data-accordion-index=\"1\" tabindex=\"0\" aria-expanded=\"false\" aria-controls=\"e-n-accordion-item-8230\" >\n\t\t\t\t\t<span class='e-n-accordion-item-title-header'><div class=\"e-n-accordion-item-title-text\"> Instructions for filling in the form <\/div><\/span>\n\t\t\t\t\t\t\t<span class='e-n-accordion-item-title-icon'>\n\t\t\t<span class='e-opened' ><svg aria-hidden=\"true\" class=\"e-font-icon-svg e-fas-angle-up\" viewBox=\"0 0 320 512\" xmlns=\"http:\/\/www.w3.org\/2000\/svg\"><path d=\"M177 159.7l136 136c9.4 9.4 9.4 24.6 0 33.9l-22.6 22.6c-9.4 9.4-24.6 9.4-33.9 0L160 255.9l-96.4 96.4c-9.4 9.4-24.6 9.4-33.9 0L7 329.7c-9.4-9.4-9.4-24.6 0-33.9l136-136c9.4-9.5 24.6-9.5 34-.1z\"><\/path><\/svg><\/span>\n\t\t\t<span class='e-closed'><svg aria-hidden=\"true\" class=\"e-font-icon-svg e-fas-angle-down\" viewBox=\"0 0 320 512\" xmlns=\"http:\/\/www.w3.org\/2000\/svg\"><path d=\"M143 352.3L7 216.3c-9.4-9.4-9.4-24.6 0-33.9l22.6-22.6c9.4-9.4 24.6-9.4 33.9 0l96.4 96.4 96.4-96.4c9.4-9.4 24.6-9.4 33.9 0l22.6 22.6c9.4 9.4 9.4 24.6 0 33.9l-136 136c-9.2 9.4-24.4 9.4-33.8 0z\"><\/path><\/svg><\/span>\n\t\t<\/span>\n\n\t\t\t\t\t\t<\/summary>\n\t\t\t\t<div role=\"region\" aria-labelledby=\"e-n-accordion-item-8230\" class=\"elementor-element elementor-element-26c2f55 e-con-full e-flex e-con e-child\" data-id=\"26c2f55\" data-element_type=\"container\" data-settings=\"{&quot;jet_parallax_layout_list&quot;:[]}\">\n\t\t\t\t<div class=\"elementor-element elementor-element-4149760 elementor-widget__width-inherit elementor-widget elementor-widget-text-editor\" data-id=\"4149760\" data-element_type=\"widget\" data-widget_type=\"text-editor.default\">\n\t\t\t\t<div class=\"elementor-widget-container\">\n\t\t\t\t\t\t\t\t\t<p><strong class=\"bp-text\">Type of vouchers:<\/strong><\/p>\n<ul>\n<li>Select the type of voucher (in the case of a coupon, select the coupon) and enter the code you need.<br \/>\nIf you have more than one of the same type, write them all down!<br \/>\nIf you have vouchers purchased from different places, select Other and write down all the information in the code!<br \/>The code of the voucher purchased from us starts with TC.<br \/>For the Experience Plaza, you need the experience code and the security code.<br \/>If you don&#8217;t have one of the listed ones or you are not sure, select Other!  <\/li>\n<li> <\/li>\n<\/ul>\n<p><strong class=\"bp-text\">Ticket types:<\/strong><\/p>\n<ul>\n<li>Whether it&#8217;s a voucher\/coupon based on an amount or for a specific programme, you must choose one (or more) of the following ticket types and no changes will be possible later, as this will be the basis on which we will record your booking.<\/li>\n<li> <\/li>\n<\/ul>\n<p><strong class=\"bp-text\">Date\/Time\/Number of people\/Notes:<\/strong><\/p>\n<ul>\n<li>Let us know when and how many people you want to come with!<br \/>\nIf there is no time available, we will contact you on your contact details to arrange a new date!<br \/>\nIf you have to pay a difference due to a larger number of people, you can settle it at the cash desk on arrival.  <\/li>\n<li> <\/li>\n<\/ul>\n<p><strong class=\"bp-text\">Name\/Email\/Telephone number<\/strong><\/p>\n<ul>\n<li>To make a reservation, you will need a name to identify yourself on arrival.<br \/>\nIf there are several of you, one name is still enough, and it&#8217;s OK if you have a different name than the person who will be coming (e.g. parent&#8217;s name). <\/li>\n<li>In all cases, your booking will be confirmed by email to the email address below within 24 hours (check your spam folder too!).<br \/>\nIf you do not receive an email, please call us.<br \/>We will only call you if we need to make a special arrangement for any reason, but the booking will still be confirmed by email. <\/li>\n<\/ul>\n\t\t\t\t\t\t\t\t<\/div>\n\t\t\t\t<\/div>\n\t\t\t\t<\/div>\n\t\t\t\t\t<\/details>\n\t\t\t\t\t<\/div>\n\t\t\t\t\t\t<\/div>\n\t\t\t\t<\/div>\n\t\t\t\t<\/div>\n\t\t<div class=\"elementor-element elementor-element-0cda612 e-con-full e-flex e-con e-child\" data-id=\"0cda612\" data-element_type=\"container\" data-settings=\"{&quot;background_background&quot;:&quot;classic&quot;,&quot;jet_parallax_layout_list&quot;:[]}\">\n\t\t\t\t<div class=\"elementor-element elementor-element-b8084fc elementor-widget__width-inherit elementor-button-align-stretch elementor-widget elementor-widget-form\" data-id=\"b8084fc\" data-element_type=\"widget\" data-settings=\"{&quot;step_next_label&quot;:&quot;Next&quot;,&quot;step_previous_label&quot;:&quot;Previous&quot;,&quot;button_width&quot;:&quot;100&quot;,&quot;step_type&quot;:&quot;number_text&quot;,&quot;step_icon_shape&quot;:&quot;circle&quot;}\" data-widget_type=\"form.default\">\n\t\t\t\t<div class=\"elementor-widget-container\">\n\t\t\t\t\t\t\t<form class=\"elementor-form\" method=\"post\" name=\"New form\" aria-label=\"New form\">\n\t\t\t<input type=\"hidden\" name=\"post_id\" value=\"2163\"\/>\n\t\t\t<input type=\"hidden\" name=\"form_id\" value=\"b8084fc\"\/>\n\t\t\t<input type=\"hidden\" name=\"referer_title\" value=\"Redeem coupon - VR Vid\u00e1mpark\" \/>\n\n\t\t\t\t\t\t\t<input type=\"hidden\" name=\"queried_id\" value=\"2163\"\/>\n\t\t\t\n\t\t\t<div class=\"elementor-form-fields-wrapper elementor-labels-above\">\n\t\t\t\t\t\t\t\t<div class=\"elementor-field-type-select elementor-field-group elementor-column elementor-field-group-name elementor-col-100 elementor-field-required elementor-mark-required\">\n\t\t\t\t\t\t\t\t\t\t\t\t<label for=\"form-field-name\" class=\"elementor-field-label\">\n\t\t\t\t\t\t\t\tType of voucher(s)\t\t\t\t\t\t\t<\/label>\n\t\t\t\t\t\t\t\t<div class=\"elementor-field elementor-select-wrapper remove-before \">\n\t\t\t<div class=\"select-caret-down-wrapper\">\n\t\t\t\t<svg aria-hidden=\"true\" class=\"e-font-icon-svg e-eicon-caret-down\" viewBox=\"0 0 571.4 571.4\" xmlns=\"http:\/\/www.w3.org\/2000\/svg\"><path d=\"M571 393Q571 407 561 418L311 668Q300 679 286 679T261 668L11 418Q0 407 0 393T11 368 36 357H536Q550 357 561 368T571 393Z\"><\/path><\/svg>\t\t\t<\/div>\n\t\t\t<select name=\"form_fields[name]\" id=\"form-field-name\" class=\"elementor-field-textual elementor-size-md\" required=\"required\">\n\t\t\t\t\t\t\t\t\t<option value=\"VR Park Budapest (valid for amount, starts with TC) Fun Fair Surprises BonusBrigade Citydeals Feldobox VIP Coupon SZ\u00c9P Card Others\">VR Park Budapest (valid for amount, starts with TC) Fun Fair Surprises BonusBrigade Citydeals Feldobox VIP Coupon SZ\u00c9P Card Others<\/option>\n\t\t\t\t\t\t\t<\/select>\n\t\t<\/div>\n\t\t\t\t\t\t<\/div>\n\t\t\t\t\t\t\t\t<div class=\"elementor-field-type-text elementor-field-group elementor-column elementor-field-group-field_846981d elementor-col-100 elementor-field-required elementor-mark-required\">\n\t\t\t\t\t\t\t\t\t\t\t\t<label for=\"form-field-field_846981d\" class=\"elementor-field-label\">\n\t\t\t\t\t\t\t\tCode(s)\t\t\t\t\t\t\t<\/label>\n\t\t\t\t\t\t\t\t\t\t\t\t\t\t<input size=\"1\" type=\"text\" name=\"form_fields[field_846981d]\" id=\"form-field-field_846981d\" class=\"elementor-field elementor-size-md  elementor-field-textual\" placeholder=\"pl: TC-XXXXXX-XXXX-XXXXXX, TC-XXXXXX-XXXX-XXXX\" required=\"required\">\n\t\t\t\t\t\t\t\t\t\t\t<\/div>\n\t\t\t\t\t\t\t\t<div class=\"elementor-field-type-checkbox elementor-field-group elementor-column elementor-field-group-field_2d585f8 elementor-col-100\">\n\t\t\t\t\t\t\t\t\t\t\t\t<label for=\"form-field-field_2d585f8\" class=\"elementor-field-label\">\n\t\t\t\t\t\t\t\tTicket types\t\t\t\t\t\t\t<\/label>\n\t\t\t\t\t\t<div class=\"elementor-field-subgroup  \"><span class=\"elementor-field-option\"><input type=\"checkbox\" value=\"Adrenalin Time Travel 2 persons Dino Safari (with BonusBrigade) Gamer VR Escape Room 2 persons Dino Safari + Fruit Ninja + Rollercoaster (with BonusBrigade) Arena VIP\" id=\"form-field-field_2d585f8-0\" name=\"form_fields[field_2d585f8]\"> <label for=\"form-field-field_2d585f8-0\">Adrenalin Time Travel 2 persons Dino Safari (with BonusBrigade) Gamer VR Escape Room 2 persons Dino Safari + Fruit Ninja + Rollercoaster (with BonusBrigade) Arena VIP<\/label><\/span><\/div>\t\t\t\t<\/div>\n\t\t\t\t\t\t\t\t<div class=\"elementor-field-type-date elementor-field-group elementor-column elementor-field-group-field_2480af6 elementor-col-100 elementor-field-required elementor-mark-required\">\n\t\t\t\t\t\t\t\t\t\t\t\t<label for=\"form-field-field_2480af6\" class=\"elementor-field-label\">\n\t\t\t\t\t\t\t\tDate\t\t\t\t\t\t\t<\/label>\n\t\t\t\t\t\t\n\t\t<input type=\"date\" name=\"form_fields[field_2480af6]\" id=\"form-field-field_2480af6\" class=\"elementor-field elementor-size-md  elementor-field-textual elementor-date-field\" placeholder=\"eeeee.\nhh.\nnn.  \" required=\"required\" pattern=\"[0-9]{4}-[0-9]{2}-[0-9]{2}\">\n\t\t\t\t\t\t<\/div>\n\t\t\t\t\t\t\t\t<div class=\"elementor-field-type-text elementor-field-group elementor-column elementor-field-group-field_7bf19ac elementor-col-100 elementor-field-required elementor-mark-required\">\n\t\t\t\t\t\t\t\t\t\t\t\t<label for=\"form-field-field_7bf19ac\" class=\"elementor-field-label\">\n\t\t\t\t\t\t\t\tClock\t\t\t\t\t\t\t<\/label>\n\t\t\t\t\t\t\t\t\t\t\t\t\t\t<input size=\"1\" type=\"text\" name=\"form_fields[field_7bf19ac]\" id=\"form-field-field_7bf19ac\" class=\"elementor-field elementor-size-md  elementor-field-textual\" placeholder=\"e.g. between 15:00 or 16:00-20:00\" required=\"required\">\n\t\t\t\t\t\t\t\t\t\t\t<\/div>\n\t\t\t\t\t\t\t\t<div class=\"elementor-field-type-text elementor-field-group elementor-column elementor-field-group-field_7d5a7be elementor-col-100 elementor-field-required elementor-mark-required\">\n\t\t\t\t\t\t\t\t\t\t\t\t<label for=\"form-field-field_7d5a7be\" class=\"elementor-field-label\">\n\t\t\t\t\t\t\t\tNumber of people\t\t\t\t\t\t\t<\/label>\n\t\t\t\t\t\t\t\t\t\t\t\t\t\t<input size=\"1\" type=\"text\" name=\"form_fields[field_7d5a7be]\" id=\"form-field-field_7d5a7be\" class=\"elementor-field elementor-size-md  elementor-field-textual\" placeholder=\"e.g.: 2 persons and 1 escort\" required=\"required\">\n\t\t\t\t\t\t\t\t\t\t\t<\/div>\n\t\t\t\t\t\t\t\t<div class=\"elementor-field-type-textarea elementor-field-group elementor-column elementor-field-group-field_267627d elementor-col-100\">\n\t\t\t\t\t\t\t\t\t\t\t\t<label for=\"form-field-field_267627d\" class=\"elementor-field-label\">\n\t\t\t\t\t\t\t\tComment\t\t\t\t\t\t\t<\/label>\n\t\t\t\t\t\t<textarea class=\"elementor-field-textual elementor-field  elementor-size-md\" name=\"form_fields[field_267627d]\" id=\"form-field-field_267627d\" rows=\"4\" placeholder=\"Optional\"><\/textarea>\t\t\t\t<\/div>\n\t\t\t\t\t\t\t\t<div class=\"elementor-field-type-text elementor-field-group elementor-column elementor-field-group-field_8548371 elementor-col-100 elementor-field-required elementor-mark-required\">\n\t\t\t\t\t\t\t\t\t\t\t\t<label for=\"form-field-field_8548371\" class=\"elementor-field-label\">\n\t\t\t\t\t\t\t\tLast name\t\t\t\t\t\t\t<\/label>\n\t\t\t\t\t\t\t\t\t\t\t\t\t\t<input size=\"1\" type=\"text\" name=\"form_fields[field_8548371]\" id=\"form-field-field_8548371\" class=\"elementor-field elementor-size-md  elementor-field-textual\" required=\"required\">\n\t\t\t\t\t\t\t\t\t\t\t<\/div>\n\t\t\t\t\t\t\t\t<div class=\"elementor-field-type-text elementor-field-group elementor-column elementor-field-group-field_7161c5a elementor-col-100 elementor-field-required elementor-mark-required\">\n\t\t\t\t\t\t\t\t\t\t\t\t<label for=\"form-field-field_7161c5a\" class=\"elementor-field-label\">\n\t\t\t\t\t\t\t\tFirst name\t\t\t\t\t\t\t<\/label>\n\t\t\t\t\t\t\t\t\t\t\t\t\t\t<input size=\"1\" type=\"text\" name=\"form_fields[field_7161c5a]\" id=\"form-field-field_7161c5a\" class=\"elementor-field elementor-size-md  elementor-field-textual\" required=\"required\">\n\t\t\t\t\t\t\t\t\t\t\t<\/div>\n\t\t\t\t\t\t\t\t<div class=\"elementor-field-type-email elementor-field-group elementor-column elementor-field-group-field_99af26d elementor-col-100 elementor-field-required elementor-mark-required\">\n\t\t\t\t\t\t\t\t\t\t\t\t<label for=\"form-field-field_99af26d\" class=\"elementor-field-label\">\n\t\t\t\t\t\t\t\tEmail\t\t\t\t\t\t\t<\/label>\n\t\t\t\t\t\t\t\t\t\t\t\t\t\t<input size=\"1\" type=\"email\" name=\"form_fields[field_99af26d]\" id=\"form-field-field_99af26d\" class=\"elementor-field elementor-size-md  elementor-field-textual\" required=\"required\">\n\t\t\t\t\t\t\t\t\t\t\t<\/div>\n\t\t\t\t\t\t\t\t<div class=\"elementor-field-type-tel elementor-field-group elementor-column elementor-field-group-field_91f696f elementor-col-100 elementor-field-required elementor-mark-required\">\n\t\t\t\t\t\t\t\t\t\t\t\t<label for=\"form-field-field_91f696f\" class=\"elementor-field-label\">\n\t\t\t\t\t\t\t\tPhone number\t\t\t\t\t\t\t<\/label>\n\t\t\t\t\t\t\t\t<input size=\"1\" type=\"tel\" name=\"form_fields[field_91f696f]\" id=\"form-field-field_91f696f\" class=\"elementor-field elementor-size-md  elementor-field-textual\" required=\"required\" pattern=\"[0-9()#&amp;+*-=.]+\" title=\"Only numbers and phone characters (#, -, *, etc) are accepted.\">\n\n\t\t\t\t\t\t<\/div>\n\t\t\t\t\t\t\t\t<div class=\"elementor-field-group elementor-column elementor-field-type-submit elementor-col-100 e-form__buttons\">\n\t\t\t\t\t<button class=\"elementor-button elementor-size-md\" type=\"submit\">\n\t\t\t\t\t\t<span class=\"elementor-button-content-wrapper\">\n\t\t\t\t\t\t\t\t\t\t\t\t\t\t\t\t\t\t\t\t\t\t<span class=\"elementor-button-text\">Send <br><\/span>\n\t\t\t\t\t\t\t\t\t\t\t\t\t<\/span>\n\t\t\t\t\t<\/button>\n\t\t\t\t<\/div>\n\t\t\t<\/div>\n\t\t<\/form>\n\t\t\t\t\t\t<\/div>\n\t\t\t\t<\/div>\n\t\t\t\t<\/div>\n\t\t\t\t\t<\/div>\n\t\t\t\t<\/div>\n\t\t\t\t<\/div>\n\t\t","protected":false},"excerpt":{"rendered":"<p>Kuponbev\u00e1lt\u00e1s Itt tudod bev\u00e1ltani jegyt\u00edpusra vagy \u00e9rt\u00e9kre sz\u00f3l\u00f3 utalv\u00e1nyodat! \ud83c\udf9f\ufe0f\ud83c\udf89 Miel\u0151tt belev\u00e1gn\u00e1nk: \ud83d\udc49 Legyen k\u00e9zn\u00e9l az utalv\u00e1nyod, kuponod, mert kelleni fog a k\u00f3dja! \ud83e\uddfe\ud83d\udd11 \ud83d\udccc Ha nem adott jegyt\u00edpusra sz\u00f3l, hanem \u00f6sszegre, akkor ismerd meg a VR-\u00e9lm\u00e9nyeinket: https:\/\/vrparkbudapest.hu\/elmenyek\/, mert v\u00e1lasztanod kell a foglal\u00e1shoz! \ud83d\udd79\ufe0f V\u00e1laszd ki a k\u00edv\u00e1nt \u00e9lm\u00e9nycsomagot, a sz\u00e1modra szimpatikus, el\u00e9rhet\u0151 d\u00e1tumot \u00e9s [&hellip;]<\/p>\n","protected":false},"author":2,"featured_media":0,"parent":0,"menu_order":0,"comment_status":"closed","ping_status":"closed","template":"elementor_header_footer","meta":{"footnotes":""},"class_list":["post-2163","page","type-page","status-publish","hentry"],"_links":{"self":[{"href":"https:\/\/vrparkbudapest.hu\/en\/wp-json\/wp\/v2\/pages\/2163","targetHints":{"allow":["GET"]}}],"collection":[{"href":"https:\/\/vrparkbudapest.hu\/en\/wp-json\/wp\/v2\/pages"}],"about":[{"href":"https:\/\/vrparkbudapest.hu\/en\/wp-json\/wp\/v2\/types\/page"}],"author":[{"embeddable":true,"href":"https:\/\/vrparkbudapest.hu\/en\/wp-json\/wp\/v2\/users\/2"}],"replies":[{"embeddable":true,"href":"https:\/\/vrparkbudapest.hu\/en\/wp-json\/wp\/v2\/comments?post=2163"}],"version-history":[{"count":18,"href":"https:\/\/vrparkbudapest.hu\/en\/wp-json\/wp\/v2\/pages\/2163\/revisions"}],"predecessor-version":[{"id":7454,"href":"https:\/\/vrparkbudapest.hu\/en\/wp-json\/wp\/v2\/pages\/2163\/revisions\/7454"}],"wp:attachment":[{"href":"https:\/\/vrparkbudapest.hu\/en\/wp-json\/wp\/v2\/media?parent=2163"}],"curies":[{"name":"wp","href":"https:\/\/api.w.org\/{rel}","templated":true}]}}